{"id":110,"date":"2025-11-14T12:10:55","date_gmt":"2025-11-14T12:10:55","guid":{"rendered":"https:\/\/rs-nails.de\/?page_id=110"},"modified":"2025-11-24T08:50:54","modified_gmt":"2025-11-24T08:50:54","slug":"ueber-mich","status":"publish","type":"page","link":"https:\/\/rs-nails.de\/wilkommen-bei-rs-nails\/ueber-mich\/","title":{"rendered":"\u00dcber mich"},"content":{"rendered":"<h1 class=\"fonts-plugin-block \" style=\"font-family: Great Vibes;text-align: center\"><img loading=\"lazy\" decoding=\"async\" width=\"540\" height=\"960\" class=\"wp-image-76\" style=\"width: 150px\" src=\"https:\/\/rs-nails.de\/wp-content\/uploads\/2025\/11\/22926645ee01f0d262c890171086b261-Photoroom.png\" alt=\"\" srcset=\"https:\/\/rs-nails.de\/wp-content\/uploads\/2025\/11\/22926645ee01f0d262c890171086b261-Photoroom.png 540w, https:\/\/rs-nails.de\/wp-content\/uploads\/2025\/11\/22926645ee01f0d262c890171086b261-Photoroom-169x300.png 169w\" sizes=\"auto, (max-width: 540px) 100vw, 540px\" \/><strong>\u00dcber mich \u2013 RS Nails<\/strong><img loading=\"lazy\" decoding=\"async\" width=\"540\" height=\"960\" class=\"wp-image-102\" style=\"width: 150px\" src=\"https:\/\/rs-nails.de\/wp-content\/uploads\/2025\/11\/22926645ee01f0d262c890171086b261-PhotoroomR.png\" alt=\"\" srcset=\"https:\/\/rs-nails.de\/wp-content\/uploads\/2025\/11\/22926645ee01f0d262c890171086b261-PhotoroomR.png 540w, https:\/\/rs-nails.de\/wp-content\/uploads\/2025\/11\/22926645ee01f0d262c890171086b261-PhotoroomR-169x300.png 169w\" sizes=\"auto, (max-width: 540px) 100vw, 540px\" \/><\/h1>\n\n\n<div class=\"wp-block-media-text is-stacked-on-mobile\" style=\"grid-template-columns:24% auto\"><figure class=\"wp-block-media-text__media\"><img loading=\"lazy\" decoding=\"async\" width=\"640\" height=\"1024\" src=\"https:\/\/rs-nails.de\/wp-content\/uploads\/2025\/11\/WhatsApp-Bild-2025-11-10-um-09.45.08_b7fab4e4-640x1024.jpg\" alt=\"\" class=\"wp-image-60 size-full\" srcset=\"https:\/\/rs-nails.de\/wp-content\/uploads\/2025\/11\/WhatsApp-Bild-2025-11-10-um-09.45.08_b7fab4e4-640x1024.jpg 640w, https:\/\/rs-nails.de\/wp-content\/uploads\/2025\/11\/WhatsApp-Bild-2025-11-10-um-09.45.08_b7fab4e4-188x300.jpg 188w, https:\/\/rs-nails.de\/wp-content\/uploads\/2025\/11\/WhatsApp-Bild-2025-11-10-um-09.45.08_b7fab4e4-768x1229.jpg 768w, https:\/\/rs-nails.de\/wp-content\/uploads\/2025\/11\/WhatsApp-Bild-2025-11-10-um-09.45.08_b7fab4e4-960x1536.jpg 960w, https:\/\/rs-nails.de\/wp-content\/uploads\/2025\/11\/WhatsApp-Bild-2025-11-10-um-09.45.08_b7fab4e4.jpg 1280w\" sizes=\"auto, (max-width: 640px) 100vw, 640px\" \/><\/figure><div class=\"wp-block-media-text__content\">\n<p class=\"has-text-align-center\">Hallo, ich bin Rebecca Schuckelt, 30 Jahre alt, Mama und seit Juni 2025 stolz selbstst\u00e4ndig als Naildesignerin zu sein. Meine Leidenschaft f\u00fcr sch\u00f6ne N\u00e4gel begleitet mich allerdings schon l\u00e4nger: Seit 2022 bin ich in der Nagelbranche t\u00e4tig und habe mir in dieser Zeit ein liebevolles kleines Studio aufgebaut.<\/p>\n<\/div><\/div>\n\n\n<h2 class=\"fonts-plugin-block \" style=\"font-family: Great Vibes;text-align: center\">Wie alles begann<\/h2>\n\n\n<p class=\"has-text-align-center\">Der Weg zur Nageldesign-Ausbildung kam ehrlicherweise aus einem ganz einfachen, aber frustrierenden Grund:<br>Ich war jahrelang Kundin eines Nagelstudios, doch meine damalige Naildesignerin hat beruflich umgesattelt. Danach habe ich <strong>niemanden gefunden, der meine N\u00e4gel so gestaltet hat, wie ich es mir gew\u00fcnscht habe<\/strong>.<\/p>\n\n\n\n<p class=\"has-text-align-center\">2022 habe ich dann entschieden: <em>\u201eDann mache ich es einfach selbst aber richtig!\u201c<\/em><br>Ich habe meine erste Ausbildung absolviert und gemerkt, wie viel Freude mir diese Arbeit macht. Neue Techniken, neue Produkte, pr\u00e4zises Arbeiten all das hat mich sofort begeistert. Daraufhin folgten weitere Weiterbildungen und Spezialisierungen.<\/p>\n\n\n<h2 class=\"fonts-plugin-block \" style=\"font-family: Great Vibes;text-align: center\">Mein Studio \u2013 dein Wohlf\u00fchlort<\/h2>\n\n\n<p class=\"has-text-align-center\">2025 habe ich schlie\u00dflich den Schritt in die Selbstst\u00e4ndigkeit gewagt und mein kleines, gem\u00fctliches Studio er\u00f6ffnet.<br>Mein gr\u00f6\u00dftes Ziel ist es, dass <strong>du dich bei mir rundum wohlf\u00fchlst<\/strong>. Keine Hektik, kein Stress, keine Massenabfertigung ich nehme mir <strong>f\u00fcr dich  die Zeit<\/strong>, die du und deine N\u00e4gel brauchen.<\/p>\n\n\n\n<p class=\"has-text-align-center\">Du sollst die Zeit bei mir genie\u00dfen und ein St\u00fcck Alltag hinter dir lassen k\u00f6nnen.<\/p>\n\n\n\n<p class=\"has-text-align-center\"><strong>Kaffee, Tee, Wasser?<\/strong> Kein Problem du bekommst genau das, was du brauchst, damit du dich wohl und gut aufgehoben f\u00fchlst.<\/p>\n\n\n\n<p class=\"has-text-align-center\">Und das Wichtigste:<br><strong>Was wir besprechen, setze ich auch genau so um, du bekommst eine professionelle und auf dich pers\u00f6nlich abgestimmte Beratung \u00fcber alles, was du wissen und beachten musst, und hast du weitere Fragen, werde ich dir diese nat\u00fcrlich sehr gern beantworten. Alles, was du mir am Nageltisch erz\u00e4hlst, bleibt am Nageltisch. VERTRAUEN wird bei mir gro\u00dfgeschrieben!<\/strong><br>Ich m\u00f6chte, dass du gl\u00fccklich und zufrieden mit deinen N\u00e4geln nach Hause gehst und stolz darauf bist, was du in den n\u00e4chsten Wochen damit alles schaffen und zeigen kannst.<\/p>\n\n\n<h2 class=\"fonts-plugin-block \" style=\"font-family: Great Vibes;text-align: center\">Standort<\/h2>\n\n\n<p class=\"has-text-align-center\">Ich befinde mich im Windm\u00fchlenweg 7g in 04849 Bad D\u00fcben perfekt erreichbar f\u00fcr Kundinnen aus der Regionen.<\/p>\n\n\n<p class=\"fonts-plugin-block \" style=\"font-family: Great Vibes;font-size: 50px;text-align: center;color: var(--ast-global-color-2)\"><strong>Sicher dir noch heute ein Termin!<\/strong><\/p>\n\n\n<div class=\"wp-block-buttons is-content-justification-center is-layout-flex wp-container-core-buttons-is-layout-a89b3969 wp-block-buttons-is-layout-flex\">\n<div class=\"wp-block-button is-style-fill\"><a class=\"wp-block-button__link has-ast-global-color-0-background-color has-background has-large-font-size has-text-align-center has-custom-font-size wp-element-button\" href=\"https:\/\/wa.me\/4915752382979\">Termin<\/a><\/div>\n<\/div>\n\n\n\n<div style=\"height:100px\" aria-hidden=\"true\" class=\"wp-block-spacer\"><\/div>\n\n\n\n<p class=\"has-text-align-center\">Folge mir gerne auf Tiktok, um keine Neuigkeiten zu verpassen.<\/p>\n\n\n\n<ul class=\"wp-block-social-links has-huge-icon-size is-content-justification-center is-layout-flex wp-container-core-social-links-is-layout-a89b3969 wp-block-social-links-is-layout-flex\"><li class=\"wp-social-link wp-social-link-tiktok  wp-block-social-link\"><a href=\"https:\/\/www.tiktok.com\/@rebecca_nageldesign\" class=\"wp-block-social-link-anchor\"><svg width=\"24\" height=\"24\" viewBox=\"0 0 32 32\" version=\"1.1\" xmlns=\"http:\/\/www.w3.org\/2000\/svg\" aria-hidden=\"true\" focusable=\"false\"><path d=\"M16.708 0.027c1.745-0.027 3.48-0.011 5.213-0.027 0.105 2.041 0.839 4.12 2.333 5.563 1.491 1.479 3.6 2.156 5.652 2.385v5.369c-1.923-0.063-3.855-0.463-5.6-1.291-0.76-0.344-1.468-0.787-2.161-1.24-0.009 3.896 0.016 7.787-0.025 11.667-0.104 1.864-0.719 3.719-1.803 5.255-1.744 2.557-4.771 4.224-7.88 4.276-1.907 0.109-3.812-0.411-5.437-1.369-2.693-1.588-4.588-4.495-4.864-7.615-0.032-0.667-0.043-1.333-0.016-1.984 0.24-2.537 1.495-4.964 3.443-6.615 2.208-1.923 5.301-2.839 8.197-2.297 0.027 1.975-0.052 3.948-0.052 5.923-1.323-0.428-2.869-0.308-4.025 0.495-0.844 0.547-1.485 1.385-1.819 2.333-0.276 0.676-0.197 1.427-0.181 2.145 0.317 2.188 2.421 4.027 4.667 3.828 1.489-0.016 2.916-0.88 3.692-2.145 0.251-0.443 0.532-0.896 0.547-1.417 0.131-2.385 0.079-4.76 0.095-7.145 0.011-5.375-0.016-10.735 0.025-16.093z\" \/><\/svg><span class=\"wp-block-social-link-label screen-reader-text\">TikTok<\/span><\/a><\/li><\/ul>\n\n\n\n<p><\/p>\n","protected":false},"excerpt":{"rendered":"<p>Hallo, ich bin Rebecca Schuckelt, 30 Jahre alt, Mama und seit Juni 2025 stolz selbstst\u00e4ndig als Naildesignerin zu sein. Meine [&hellip;]<\/p>\n","protected":false},"author":1,"featured_media":0,"parent":0,"menu_order":0,"comment_status":"closed","ping_status":"closed","template":"","meta":{"_coblocks_attr":"","_coblocks_dimensions":"","_coblocks_responsive_height":"","_coblocks_accordion_ie_support":"","site-sidebar-layout":"default","site-content-layout":"","ast-site-content-layout":"default","site-content-style":"default","site-sidebar-style":"default","ast-global-header-display":"","ast-banner-title-visibility":"","ast-main-header-display":"","ast-hfb-above-header-display":"","ast-hfb-below-header-display":"","ast-hfb-mobile-header-display":"","site-post-title":"disabled","ast-breadcrumbs-content":"","ast-featured-img":"","footer-sml-layout":"","ast-disable-related-posts":"","theme-transparent-header-meta":"","adv-header-id-meta":"","stick-header-meta":"","header-above-stick-meta":"","header-main-stick-meta":"","header-below-stick-meta":"","astra-migrate-meta-layouts":"default","ast-page-background-enabled":"default","ast-page-background-meta":{"desktop":{"background-color":"var(--ast-global-color-5)","background-image":"","background-repeat":"repeat","background-position":"center center","background-size":"auto","background-attachment":"scroll","background-type":"","background-media":"","overlay-type":"","overlay-color":"","overlay-opacity":"","overlay-gradient":""},"tablet":{"background-color":"","background-image":"","background-repeat":"repeat","background-position":"center center","background-size":"auto","background-attachment":"scroll","background-type":"","background-media":"","overlay-type":"","overlay-color":"","overlay-opacity":"","overlay-gradient":""},"mobile":{"background-color":"","background-image":"","background-repeat":"repeat","background-position":"center center","background-size":"auto","background-attachment":"scroll","background-type":"","background-media":"","overlay-type":"","overlay-color":"","overlay-opacity":"","overlay-gradient":""}},"ast-content-background-meta":{"desktop":{"background-color":"var(--ast-global-color-4)","background-image":"","background-repeat":"repeat","background-position":"center center","background-size":"auto","background-attachment":"scroll","background-type":"","background-media":"","overlay-type":"","overlay-color":"","overlay-opacity":"","overlay-gradient":""},"tablet":{"background-color":"var(--ast-global-color-4)","background-image":"","background-repeat":"repeat","background-position":"center center","background-size":"auto","background-attachment":"scroll","background-type":"","background-media":"","overlay-type":"","overlay-color":"","overlay-opacity":"","overlay-gradient":""},"mobile":{"background-color":"var(--ast-global-color-4)","background-image":"","background-repeat":"repeat","background-position":"center center","background-size":"auto","background-attachment":"scroll","background-type":"","background-media":"","overlay-type":"","overlay-color":"","overlay-opacity":"","overlay-gradient":""}},"footnotes":""},"class_list":["post-110","page","type-page","status-publish","hentry"],"yoast_head":"<!-- This site is optimized with the Yoast SEO plugin v27.3 - https:\/\/yoast.com\/product\/yoast-seo-wordpress\/ -->\n<title>\u00dcber mich - RS Nails<\/title>\n<meta name=\"description\" content=\"\u00dcber mich - RS Nails Hallo, ich bin Rebecca Schuckelt, 30 Jahre alt, Mama und seit Juni 2025 stolz selbstst\u00e4ndig als Naildesignerin.\" \/>\n<meta name=\"robots\" content=\"index, follow, max-snippet:-1, max-image-preview:large, max-video-preview:-1\" \/>\n<link rel=\"canonical\" href=\"https:\/\/rs-nails.de\/wilkommen-bei-rs-nails\/ueber-mich\/\" \/>\n<meta property=\"og:locale\" content=\"de_DE\" \/>\n<meta property=\"og:type\" content=\"article\" \/>\n<meta property=\"og:title\" content=\"\u00dcber mich - RS Nails\" \/>\n<meta property=\"og:description\" content=\"\u00dcber mich - RS Nails Hallo, ich bin Rebecca Schuckelt, 30 Jahre alt, Mama und seit Juni 2025 stolz selbstst\u00e4ndig als Naildesignerin.\" \/>\n<meta property=\"og:url\" content=\"https:\/\/rs-nails.de\/wilkommen-bei-rs-nails\/ueber-mich\/\" \/>\n<meta property=\"og:site_name\" content=\"RS Nails\" \/>\n<meta property=\"article:modified_time\" content=\"2025-11-24T08:50:54+00:00\" \/>\n<meta property=\"og:image\" content=\"https:\/\/rs-nails.de\/wp-content\/uploads\/2025\/11\/WhatsApp-Bild-2025-11-10-um-09.45.08_b7fab4e4-640x1024.jpg\" \/>\n<meta name=\"twitter:card\" content=\"summary_large_image\" \/>\n<meta name=\"twitter:label1\" content=\"Gesch\u00e4tzte Lesezeit\" \/>\n\t<meta name=\"twitter:data1\" content=\"3\u00a0Minuten\" \/>\n<script type=\"application\/ld+json\" class=\"yoast-schema-graph\">{\"@context\":\"https:\\\/\\\/schema.org\",\"@graph\":[{\"@type\":\"WebPage\",\"@id\":\"https:\\\/\\\/rs-nails.de\\\/wilkommen-bei-rs-nails\\\/ueber-mich\\\/\",\"url\":\"https:\\\/\\\/rs-nails.de\\\/wilkommen-bei-rs-nails\\\/ueber-mich\\\/\",\"name\":\"\u00dcber mich - RS Nails\",\"isPartOf\":{\"@id\":\"https:\\\/\\\/rs-nails.de\\\/wilkommen-bei-rs-nails\\\/#website\"},\"primaryImageOfPage\":{\"@id\":\"https:\\\/\\\/rs-nails.de\\\/wilkommen-bei-rs-nails\\\/ueber-mich\\\/#primaryimage\"},\"image\":{\"@id\":\"https:\\\/\\\/rs-nails.de\\\/wilkommen-bei-rs-nails\\\/ueber-mich\\\/#primaryimage\"},\"thumbnailUrl\":\"https:\\\/\\\/rs-nails.de\\\/wp-content\\\/uploads\\\/2025\\\/11\\\/WhatsApp-Bild-2025-11-10-um-09.45.08_b7fab4e4-640x1024.jpg\",\"datePublished\":\"2025-11-14T12:10:55+00:00\",\"dateModified\":\"2025-11-24T08:50:54+00:00\",\"description\":\"\u00dcber mich - RS Nails Hallo, ich bin Rebecca Schuckelt, 30 Jahre alt, Mama und seit Juni 2025 stolz selbstst\u00e4ndig als Naildesignerin.\",\"breadcrumb\":{\"@id\":\"https:\\\/\\\/rs-nails.de\\\/wilkommen-bei-rs-nails\\\/ueber-mich\\\/#breadcrumb\"},\"inLanguage\":\"de\",\"potentialAction\":[{\"@type\":\"ReadAction\",\"target\":[\"https:\\\/\\\/rs-nails.de\\\/wilkommen-bei-rs-nails\\\/ueber-mich\\\/\"]}]},{\"@type\":\"ImageObject\",\"inLanguage\":\"de\",\"@id\":\"https:\\\/\\\/rs-nails.de\\\/wilkommen-bei-rs-nails\\\/ueber-mich\\\/#primaryimage\",\"url\":\"https:\\\/\\\/rs-nails.de\\\/wp-content\\\/uploads\\\/2025\\\/11\\\/WhatsApp-Bild-2025-11-10-um-09.45.08_b7fab4e4-640x1024.jpg\",\"contentUrl\":\"https:\\\/\\\/rs-nails.de\\\/wp-content\\\/uploads\\\/2025\\\/11\\\/WhatsApp-Bild-2025-11-10-um-09.45.08_b7fab4e4-640x1024.jpg\"},{\"@type\":\"BreadcrumbList\",\"@id\":\"https:\\\/\\\/rs-nails.de\\\/wilkommen-bei-rs-nails\\\/ueber-mich\\\/#breadcrumb\",\"itemListElement\":[{\"@type\":\"ListItem\",\"position\":1,\"name\":\"Startseite\",\"item\":\"https:\\\/\\\/rs-nails.de\\\/wilkommen-bei-rs-nails\\\/\"},{\"@type\":\"ListItem\",\"position\":2,\"name\":\"\u00dcber mich\"}]},{\"@type\":\"WebSite\",\"@id\":\"https:\\\/\\\/rs-nails.de\\\/wilkommen-bei-rs-nails\\\/#website\",\"url\":\"https:\\\/\\\/rs-nails.de\\\/wilkommen-bei-rs-nails\\\/\",\"name\":\"RS Nails\",\"description\":\"Erleben Sie Sch\u00f6nheit und Eleganz\",\"publisher\":{\"@id\":\"https:\\\/\\\/rs-nails.de\\\/wilkommen-bei-rs-nails\\\/#organization\"},\"potentialAction\":[{\"@type\":\"SearchAction\",\"target\":{\"@type\":\"EntryPoint\",\"urlTemplate\":\"https:\\\/\\\/rs-nails.de\\\/wilkommen-bei-rs-nails\\\/?s={search_term_string}\"},\"query-input\":{\"@type\":\"PropertyValueSpecification\",\"valueRequired\":true,\"valueName\":\"search_term_string\"}}],\"inLanguage\":\"de\"},{\"@type\":\"Organization\",\"@id\":\"https:\\\/\\\/rs-nails.de\\\/wilkommen-bei-rs-nails\\\/#organization\",\"name\":\"RS Nails\",\"url\":\"https:\\\/\\\/rs-nails.de\\\/wilkommen-bei-rs-nails\\\/\",\"logo\":{\"@type\":\"ImageObject\",\"inLanguage\":\"de\",\"@id\":\"https:\\\/\\\/rs-nails.de\\\/wilkommen-bei-rs-nails\\\/#\\\/schema\\\/logo\\\/image\\\/\",\"url\":\"https:\\\/\\\/rs-nails.de\\\/wp-content\\\/uploads\\\/2025\\\/11\\\/cropped-WhatsApp-Bild-2025-11-10-um-09.18.52_79643ce8-Photoroom.png\",\"contentUrl\":\"https:\\\/\\\/rs-nails.de\\\/wp-content\\\/uploads\\\/2025\\\/11\\\/cropped-WhatsApp-Bild-2025-11-10-um-09.18.52_79643ce8-Photoroom.png\",\"width\":801,\"height\":696,\"caption\":\"RS Nails\"},\"image\":{\"@id\":\"https:\\\/\\\/rs-nails.de\\\/wilkommen-bei-rs-nails\\\/#\\\/schema\\\/logo\\\/image\\\/\"},\"sameAs\":[\"https:\\\/\\\/www.tiktok.com\\\/@rebecca_nageldesign\"]}]}<\/script>\n<!-- \/ Yoast SEO plugin. -->","yoast_head_json":{"title":"\u00dcber mich - RS Nails","description":"\u00dcber mich - RS Nails Hallo, ich bin Rebecca Schuckelt, 30 Jahre alt, Mama und seit Juni 2025 stolz selbstst\u00e4ndig als Naildesignerin.","robots":{"index":"index","follow":"follow","max-snippet":"max-snippet:-1","max-image-preview":"max-image-preview:large","max-video-preview":"max-video-preview:-1"},"canonical":"https:\/\/rs-nails.de\/wilkommen-bei-rs-nails\/ueber-mich\/","og_locale":"de_DE","og_type":"article","og_title":"\u00dcber mich - RS Nails","og_description":"\u00dcber mich - RS Nails Hallo, ich bin Rebecca Schuckelt, 30 Jahre alt, Mama und seit Juni 2025 stolz selbstst\u00e4ndig als Naildesignerin.","og_url":"https:\/\/rs-nails.de\/wilkommen-bei-rs-nails\/ueber-mich\/","og_site_name":"RS Nails","article_modified_time":"2025-11-24T08:50:54+00:00","og_image":[{"url":"https:\/\/rs-nails.de\/wp-content\/uploads\/2025\/11\/WhatsApp-Bild-2025-11-10-um-09.45.08_b7fab4e4-640x1024.jpg","type":"","width":"","height":""}],"twitter_card":"summary_large_image","twitter_misc":{"Gesch\u00e4tzte Lesezeit":"3\u00a0Minuten"},"schema":{"@context":"https:\/\/schema.org","@graph":[{"@type":"WebPage","@id":"https:\/\/rs-nails.de\/wilkommen-bei-rs-nails\/ueber-mich\/","url":"https:\/\/rs-nails.de\/wilkommen-bei-rs-nails\/ueber-mich\/","name":"\u00dcber mich - RS Nails","isPartOf":{"@id":"https:\/\/rs-nails.de\/wilkommen-bei-rs-nails\/#website"},"primaryImageOfPage":{"@id":"https:\/\/rs-nails.de\/wilkommen-bei-rs-nails\/ueber-mich\/#primaryimage"},"image":{"@id":"https:\/\/rs-nails.de\/wilkommen-bei-rs-nails\/ueber-mich\/#primaryimage"},"thumbnailUrl":"https:\/\/rs-nails.de\/wp-content\/uploads\/2025\/11\/WhatsApp-Bild-2025-11-10-um-09.45.08_b7fab4e4-640x1024.jpg","datePublished":"2025-11-14T12:10:55+00:00","dateModified":"2025-11-24T08:50:54+00:00","description":"\u00dcber mich - RS Nails Hallo, ich bin Rebecca Schuckelt, 30 Jahre alt, Mama und seit Juni 2025 stolz selbstst\u00e4ndig als Naildesignerin.","breadcrumb":{"@id":"https:\/\/rs-nails.de\/wilkommen-bei-rs-nails\/ueber-mich\/#breadcrumb"},"inLanguage":"de","potentialAction":[{"@type":"ReadAction","target":["https:\/\/rs-nails.de\/wilkommen-bei-rs-nails\/ueber-mich\/"]}]},{"@type":"ImageObject","inLanguage":"de","@id":"https:\/\/rs-nails.de\/wilkommen-bei-rs-nails\/ueber-mich\/#primaryimage","url":"https:\/\/rs-nails.de\/wp-content\/uploads\/2025\/11\/WhatsApp-Bild-2025-11-10-um-09.45.08_b7fab4e4-640x1024.jpg","contentUrl":"https:\/\/rs-nails.de\/wp-content\/uploads\/2025\/11\/WhatsApp-Bild-2025-11-10-um-09.45.08_b7fab4e4-640x1024.jpg"},{"@type":"BreadcrumbList","@id":"https:\/\/rs-nails.de\/wilkommen-bei-rs-nails\/ueber-mich\/#breadcrumb","itemListElement":[{"@type":"ListItem","position":1,"name":"Startseite","item":"https:\/\/rs-nails.de\/wilkommen-bei-rs-nails\/"},{"@type":"ListItem","position":2,"name":"\u00dcber mich"}]},{"@type":"WebSite","@id":"https:\/\/rs-nails.de\/wilkommen-bei-rs-nails\/#website","url":"https:\/\/rs-nails.de\/wilkommen-bei-rs-nails\/","name":"RS Nails","description":"Erleben Sie Sch\u00f6nheit und Eleganz","publisher":{"@id":"https:\/\/rs-nails.de\/wilkommen-bei-rs-nails\/#organization"},"potentialAction":[{"@type":"SearchAction","target":{"@type":"EntryPoint","urlTemplate":"https:\/\/rs-nails.de\/wilkommen-bei-rs-nails\/?s={search_term_string}"},"query-input":{"@type":"PropertyValueSpecification","valueRequired":true,"valueName":"search_term_string"}}],"inLanguage":"de"},{"@type":"Organization","@id":"https:\/\/rs-nails.de\/wilkommen-bei-rs-nails\/#organization","name":"RS Nails","url":"https:\/\/rs-nails.de\/wilkommen-bei-rs-nails\/","logo":{"@type":"ImageObject","inLanguage":"de","@id":"https:\/\/rs-nails.de\/wilkommen-bei-rs-nails\/#\/schema\/logo\/image\/","url":"https:\/\/rs-nails.de\/wp-content\/uploads\/2025\/11\/cropped-WhatsApp-Bild-2025-11-10-um-09.18.52_79643ce8-Photoroom.png","contentUrl":"https:\/\/rs-nails.de\/wp-content\/uploads\/2025\/11\/cropped-WhatsApp-Bild-2025-11-10-um-09.18.52_79643ce8-Photoroom.png","width":801,"height":696,"caption":"RS Nails"},"image":{"@id":"https:\/\/rs-nails.de\/wilkommen-bei-rs-nails\/#\/schema\/logo\/image\/"},"sameAs":["https:\/\/www.tiktok.com\/@rebecca_nageldesign"]}]}},"_links":{"self":[{"href":"https:\/\/rs-nails.de\/wilkommen-bei-rs-nails\/wp-json\/wp\/v2\/pages\/110","targetHints":{"allow":["GET"]}}],"collection":[{"href":"https:\/\/rs-nails.de\/wilkommen-bei-rs-nails\/wp-json\/wp\/v2\/pages"}],"about":[{"href":"https:\/\/rs-nails.de\/wilkommen-bei-rs-nails\/wp-json\/wp\/v2\/types\/page"}],"author":[{"embeddable":true,"href":"https:\/\/rs-nails.de\/wilkommen-bei-rs-nails\/wp-json\/wp\/v2\/users\/1"}],"replies":[{"embeddable":true,"href":"https:\/\/rs-nails.de\/wilkommen-bei-rs-nails\/wp-json\/wp\/v2\/comments?post=110"}],"version-history":[{"count":6,"href":"https:\/\/rs-nails.de\/wilkommen-bei-rs-nails\/wp-json\/wp\/v2\/pages\/110\/revisions"}],"predecessor-version":[{"id":220,"href":"https:\/\/rs-nails.de\/wilkommen-bei-rs-nails\/wp-json\/wp\/v2\/pages\/110\/revisions\/220"}],"wp:attachment":[{"href":"https:\/\/rs-nails.de\/wilkommen-bei-rs-nails\/wp-json\/wp\/v2\/media?parent=110"}],"curies":[{"name":"wp","href":"https:\/\/api.w.org\/{rel}","templated":true}]}}