{"id":279,"date":"2026-02-13T20:25:23","date_gmt":"2026-02-13T20:25:23","guid":{"rendered":"https:\/\/rs-nails.de\/wilkommen-bei-rs-nails\/?page_id=279"},"modified":"2026-04-01T08:59:50","modified_gmt":"2026-04-01T08:59:50","slug":"dein-termin","status":"publish","type":"page","link":"https:\/\/rs-nails.de\/wilkommen-bei-rs-nails\/dein-termin\/","title":{"rendered":"Dein Termin"},"content":{"rendered":"\n\n\n<h1 class=\"wp-block-heading has-text-align-center has-great-vibes-font-family has-custom-font\" style=\"font-family:great-vibes\"><img loading=\"lazy\" decoding=\"async\" width=\"150\" height=\"267\" class=\"wp-image-102\" style=\"width: 150px;\" src=\"https:\/\/rs-nails.de\/wp-content\/uploads\/2025\/11\/22926645ee01f0d262c890171086b261-PhotoroomR.png\" alt=\"\" srcset=\"https:\/\/rs-nails.de\/wp-content\/uploads\/2025\/11\/22926645ee01f0d262c890171086b261-PhotoroomR.png 540w, https:\/\/rs-nails.de\/wp-content\/uploads\/2025\/11\/22926645ee01f0d262c890171086b261-PhotoroomR-169x300.png 169w\" sizes=\"auto, (max-width: 150px) 100vw, 150px\" \/>Dein Termin<img loading=\"lazy\" decoding=\"async\" width=\"150\" height=\"267\" class=\"wp-image-76\" style=\"width: 150px;\" src=\"https:\/\/rs-nails.de\/wp-content\/uploads\/2025\/11\/22926645ee01f0d262c890171086b261-Photoroom.png\" alt=\"\" srcset=\"https:\/\/rs-nails.de\/wp-content\/uploads\/2025\/11\/22926645ee01f0d262c890171086b261-Photoroom.png 540w, https:\/\/rs-nails.de\/wp-content\/uploads\/2025\/11\/22926645ee01f0d262c890171086b261-Photoroom-169x300.png 169w\" sizes=\"auto, (max-width: 150px) 100vw, 150px\" \/><\/h1>\n\n\n<p class=\"fonts-plugin-block \" style=\"text-align: center\">Dein Wunschtermin ist erst n\u00e4chsten Monat ? Kein Problem. Die Termine f\u00fcr den Folgemonat werden am 20. des aktuellen Monats aktualisiert. Du m\u00f6chtest nicht so lange warten ? Melde dich einfach bei mir und wir buchen dir deinen Wunschtermin schon im vorraus.<\/p>\n\n\n<div style=\"height:100px\" aria-hidden=\"true\" class=\"wp-block-spacer\"><\/div>\n\n\n\n<div class=\"wp-block-columns is-not-stacked-on-mobile is-layout-flex wp-container-core-columns-is-layout-ec2e7a44 wp-block-columns-is-layout-flex\" style=\"padding-top:0;padding-bottom:0\">\n<div class=\"wp-block-column is-layout-flow wp-block-column-is-layout-flow\"><p class=\"fonts-plugin-block \">Montag, 30.03. <br><s>09:00Uhr\/ 13:00Uhr<\/s><\/p>\n\n<p class=\"fonts-plugin-block \">Mittwoch, 01.04. <br><s>09:00Uhr\/ 13:00Uhr<\/s><\/p>\n\n<p class=\"fonts-plugin-block \">Freitag, 03.04. <br><s>09:00Uhr\/ 13:00Uhr<\/s><\/p><\/div>\n\n\n\n<div class=\"wp-block-column is-layout-flow wp-block-column-is-layout-flow\"><p class=\"fonts-plugin-block \">Dienstag, 31.03. <br><s>09:00Uhr\/ 13:00Uhr\/ 16:00Uhr<\/s><\/p>\n\n<p class=\"fonts-plugin-block \">Donnerstag, 02.04. <br><s>09:00Uhr\/ 13:00Uhr<\/s><\/p><\/div>\n<\/div>\n\n\n\n<hr class=\"wp-block-separator has-alpha-channel-opacity is-style-wide\"\/>\n\n\n\n<div class=\"wp-block-columns is-not-stacked-on-mobile is-layout-flex wp-container-core-columns-is-layout-ec2e7a44 wp-block-columns-is-layout-flex\" style=\"padding-top:0;padding-bottom:0\">\n<div class=\"wp-block-column is-layout-flow wp-block-column-is-layout-flow\"><p class=\"fonts-plugin-block \">Montag, 06.04. <br><s>09:00Uhr\/ 13:00Uhr<\/s><\/p>\n\n<p class=\"fonts-plugin-block \">Mittwoch, 08.04. <br>09:00Uhr\/ 13:00Uhr<\/p>\n\n<p class=\"fonts-plugin-block \">Freitag, 10.04. <br>09:00Uhr\/ 13:00Uhr<\/p><\/div>\n\n\n\n<div class=\"wp-block-column is-layout-flow wp-block-column-is-layout-flow\"><p class=\"fonts-plugin-block \">Dienstag, 07.04. <br>09:00Uhr\/ 13:00Uhr\/ 16:00Uhr<\/p>\n\n<p class=\"fonts-plugin-block \">Donnerstag, 09.04. <br>09:00Uhr\/ 13:00Uhr<\/p><\/div>\n<\/div>\n\n\n\n<hr class=\"wp-block-separator has-alpha-channel-opacity is-style-wide\"\/>\n\n\n\n<div class=\"wp-block-columns is-not-stacked-on-mobile is-layout-flex wp-container-core-columns-is-layout-ec2e7a44 wp-block-columns-is-layout-flex\" style=\"padding-top:0;padding-bottom:0\">\n<div class=\"wp-block-column is-layout-flow wp-block-column-is-layout-flow\"><p class=\"fonts-plugin-block \">Montag, 13.04. <br>09:00Uhr\/ 13:00Uhr<\/p>\n\n<p class=\"fonts-plugin-block \">Mittwoch, 15.04. <br><s>09:00Uhr<\/s>\/ 13:00Uhr<\/p>\n\n<p class=\"fonts-plugin-block \">Freitag, 17.04. <br><s>09:00Uhr<\/s>\/ 13:00Uhr<\/p><\/div>\n\n\n\n<div class=\"wp-block-column is-layout-flow wp-block-column-is-layout-flow\"><p class=\"fonts-plugin-block \">Dienstag, 14.04. <br>09:00Uhr\/ 13:00Uhr\/ <s>16:00Uhr<\/s><\/p>\n\n<p class=\"fonts-plugin-block \">Donnerstag, 16.04. <br>09:00Uhr\/ 13:00Uhr<\/p><\/div>\n<\/div>\n\n\n\n<hr class=\"wp-block-separator has-alpha-channel-opacity is-style-wide\"\/>\n\n\n\n<div class=\"wp-block-columns is-not-stacked-on-mobile is-layout-flex wp-container-core-columns-is-layout-ec2e7a44 wp-block-columns-is-layout-flex\" style=\"padding-top:0;padding-bottom:0\">\n<div class=\"wp-block-column is-layout-flow wp-block-column-is-layout-flow\"><p class=\"fonts-plugin-block \">Montag, 20.04. <br>09:00Uhr\/ 13:00Uhr<\/p>\n\n<p class=\"fonts-plugin-block \">Mittwoch, 22.04. <br>09:00Uhr\/ 13:00Uhr<\/p>\n\n<p class=\"fonts-plugin-block \">Freitag, 24.04. <br>09:00Uhr\/ 13:00Uhr<\/p><\/div>\n\n\n\n<div class=\"wp-block-column is-layout-flow wp-block-column-is-layout-flow\"><p class=\"fonts-plugin-block \">Dienstag, 21.04. <br>09:00Uhr\/ 13:00Uhr\/ <s>16:00Uhr<\/s><\/p>\n\n<p class=\"fonts-plugin-block \">Donnerstag, 23.04. <br><s>09:00Uhr<\/s>\/ 13:00Uhr<\/p><\/div>\n<\/div>\n\n\n\n<hr class=\"wp-block-separator has-alpha-channel-opacity is-style-wide\"\/>\n\n\n<p style=\"text-align: left;\">\u00a0 \u00a0 \u00a0 \u00a0Montag, 27.04.\u00a0 \u00a0 \u00a0 \u00a0 \u00a0 \u00a0 \u00a0 \u00a0 \u00a0 Dienstag, 28.04.\u00a0 \u00a0 \u00a0 \u00a0 \u00a0 \u00a0 \u00a0 \u00a0 \u00a0 \u00a0 \u00a0 \u00a009:00Uhr\/ 13:00Uhr\u00a0 \u00a0 \u00a0 \u00a0 \u00a009:00Uhr\/ 13:00Uhr\/\u00a0 \u00a0 \u00a0 \u00a0 \u00a0 \u00a0 \u00a0 \u00a0 \u00a0 \u00a0 \u00a0 \u00a0 \u00a0 \u00a0 \u00a0 \u00a0 \u00a0 \u00a0 \u00a0 \u00a0 \u00a0 \u00a0 \u00a0 \u00a0 \u00a0 \u00a0 \u00a0 \u00a0 \u00a0 <del>16:00Uhr<\/del><\/p>\n<p>\u00a0 \u00a0 \u00a0 \u00a0Mittwoch, 29.04.\u00a0 \u00a0 \u00a0 \u00a0 \u00a0 \u00a0 \u00a0 Donnerstag 30.04.\u00a0 \u00a0 \u00a0 \u00a0 \u00a0 \u00a0 \u00a0 \u00a0 \u00a0 \u00a009:00Uhr\/ <del>13:00Uhr<\/del>\u00a0 \u00a0 \u00a0 \u00a0 \u00a009:00Uhr\/ 13:00Uhr\u00a0 \u00a0 \u00a0 \u00a0 \u00a0 \u00a0 \u00a0 \u00a0 \u00a0 \u00a0 \u00a0 \u00a0 \u00a0 \u00a0 \u00a0 \u00a0 \u00a0 \u00a0 \u00a0 \u00a0 \u00a0 \u00a0 \u00a0 \u00a0 \u00a0 \u00a0 \u00a0 \u00a0<\/p>\n\n<h2 class=\"fonts-plugin-block \" style=\"font-family: Great Vibes;text-align: center\">Hast du Fragen oder m\u00f6chtest einen Termin buchen, dann melde dich direkt \u00fcber WhatsApp.<\/h2>\n\n\n<div class=\"wp-block-buttons is-content-justification-center is-layout-flex wp-container-core-buttons-is-layout-a89b3969 wp-block-buttons-is-layout-flex\">\n<div class=\"wp-block-button\"><a class=\"wp-block-button__link has-ast-global-color-0-background-color has-background has-text-align-center wp-element-button\" href=\"https:\/\/wa.me\/4915752382979\">Jetzt Termin Sichern!<\/a><\/div>\n<\/div>\n\n\n\n<p><\/p>\n","protected":false},"excerpt":{"rendered":"<p>Dein Termin \u00a0 \u00a0 \u00a0 \u00a0Montag, 27.04.\u00a0 \u00a0 \u00a0 \u00a0 \u00a0 \u00a0 \u00a0 \u00a0 \u00a0 Dienstag, 28.04.\u00a0 \u00a0 \u00a0 \u00a0 [&hellip;]<\/p>\n","protected":false},"author":1,"featured_media":0,"parent":0,"menu_order":0,"comment_status":"closed","ping_status":"closed","template":"","meta":{"_coblocks_attr":"","_coblocks_dimensions":"","_coblocks_responsive_height":"","_coblocks_accordion_ie_support":"","site-sidebar-layout":"default","site-content-layout":"","ast-site-content-layout":"default","site-content-style":"default","site-sidebar-style":"default","ast-global-header-display":"","ast-banner-title-visibility":"","ast-main-header-display":"","ast-hfb-above-header-display":"","ast-hfb-below-header-display":"","ast-hfb-mobile-header-display":"","site-post-title":"disabled","ast-breadcrumbs-content":"","ast-featured-img":"","footer-sml-layout":"","ast-disable-related-posts":"","theme-transparent-header-meta":"","adv-header-id-meta":"","stick-header-meta":"","header-above-stick-meta":"","header-main-stick-meta":"","header-below-stick-meta":"","astra-migrate-meta-layouts":"default","ast-page-background-enabled":"default","ast-page-background-meta":{"desktop":{"background-color":"var(--ast-global-color-5)","background-image":"","background-repeat":"repeat","background-position":"center center","background-size":"auto","background-attachment":"scroll","background-type":"","background-media":"","overlay-type":"","overlay-color":"","overlay-opacity":"","overlay-gradient":""},"tablet":{"background-color":"","background-image":"","background-repeat":"repeat","background-position":"center center","background-size":"auto","background-attachment":"scroll","background-type":"","background-media":"","overlay-type":"","overlay-color":"","overlay-opacity":"","overlay-gradient":""},"mobile":{"background-color":"","background-image":"","background-repeat":"repeat","background-position":"center center","background-size":"auto","background-attachment":"scroll","background-type":"","background-media":"","overlay-type":"","overlay-color":"","overlay-opacity":"","overlay-gradient":""}},"ast-content-background-meta":{"desktop":{"background-color":"var(--ast-global-color-4)","background-image":"","background-repeat":"repeat","background-position":"center center","background-size":"auto","background-attachment":"scroll","background-type":"","background-media":"","overlay-type":"","overlay-color":"","overlay-opacity":"","overlay-gradient":""},"tablet":{"background-color":"var(--ast-global-color-4)","background-image":"","background-repeat":"repeat","background-position":"center center","background-size":"auto","background-attachment":"scroll","background-type":"","background-media":"","overlay-type":"","overlay-color":"","overlay-opacity":"","overlay-gradient":""},"mobile":{"background-color":"var(--ast-global-color-4)","background-image":"","background-repeat":"repeat","background-position":"center center","background-size":"auto","background-attachment":"scroll","background-type":"","background-media":"","overlay-type":"","overlay-color":"","overlay-opacity":"","overlay-gradient":""}},"footnotes":""},"class_list":["post-279","page","type-page","status-publish","hentry"],"yoast_head":"<!-- This site is optimized with the Yoast SEO plugin v27.3 - https:\/\/yoast.com\/product\/yoast-seo-wordpress\/ -->\n<title>Dein Termin - RS Nails<\/title>\n<meta name=\"description\" content=\"Dein Wunschtermin ist erst n\u00e4chsten Monat ? Kein Problem. Melde dich einfach bei mir und wir buchen dir deinen Termin schon im vorraus.\" \/>\n<meta name=\"robots\" content=\"index, follow, max-snippet:-1, max-image-preview:large, max-video-preview:-1\" \/>\n<link rel=\"canonical\" href=\"https:\/\/rs-nails.de\/wilkommen-bei-rs-nails\/dein-termin\/\" \/>\n<meta property=\"og:locale\" content=\"de_DE\" \/>\n<meta property=\"og:type\" content=\"article\" \/>\n<meta property=\"og:title\" content=\"Dein Termin - RS Nails\" \/>\n<meta property=\"og:description\" content=\"Dein Wunschtermin ist erst n\u00e4chsten Monat ? Kein Problem. Melde dich einfach bei mir und wir buchen dir deinen Termin schon im vorraus.\" \/>\n<meta property=\"og:url\" content=\"https:\/\/rs-nails.de\/wilkommen-bei-rs-nails\/dein-termin\/\" \/>\n<meta property=\"og:site_name\" content=\"RS Nails\" \/>\n<meta property=\"article:modified_time\" content=\"2026-04-01T08:59:50+00:00\" \/>\n<meta property=\"og:image\" content=\"https:\/\/rs-nails.de\/wp-content\/uploads\/2025\/11\/22926645ee01f0d262c890171086b261-PhotoroomR.png\" \/>\n\t<meta property=\"og:image:width\" content=\"540\" \/>\n\t<meta property=\"og:image:height\" content=\"960\" \/>\n\t<meta property=\"og:image:type\" content=\"image\/png\" \/>\n<meta name=\"twitter:card\" content=\"summary_large_image\" \/>\n<meta name=\"twitter:label1\" content=\"Gesch\u00e4tzte Lesezeit\" \/>\n\t<meta name=\"twitter:data1\" content=\"1\u00a0Minute\" \/>\n<script type=\"application\/ld+json\" class=\"yoast-schema-graph\">{\"@context\":\"https:\\\/\\\/schema.org\",\"@graph\":[{\"@type\":\"WebPage\",\"@id\":\"https:\\\/\\\/rs-nails.de\\\/wilkommen-bei-rs-nails\\\/dein-termin\\\/\",\"url\":\"https:\\\/\\\/rs-nails.de\\\/wilkommen-bei-rs-nails\\\/dein-termin\\\/\",\"name\":\"Dein Termin - RS Nails\",\"isPartOf\":{\"@id\":\"https:\\\/\\\/rs-nails.de\\\/wilkommen-bei-rs-nails\\\/#website\"},\"primaryImageOfPage\":{\"@id\":\"https:\\\/\\\/rs-nails.de\\\/wilkommen-bei-rs-nails\\\/dein-termin\\\/#primaryimage\"},\"image\":{\"@id\":\"https:\\\/\\\/rs-nails.de\\\/wilkommen-bei-rs-nails\\\/dein-termin\\\/#primaryimage\"},\"thumbnailUrl\":\"https:\\\/\\\/rs-nails.de\\\/wp-content\\\/uploads\\\/2025\\\/11\\\/22926645ee01f0d262c890171086b261-PhotoroomR.png\",\"datePublished\":\"2026-02-13T20:25:23+00:00\",\"dateModified\":\"2026-04-01T08:59:50+00:00\",\"description\":\"Dein Wunschtermin ist erst n\u00e4chsten Monat ? Kein Problem. Melde dich einfach bei mir und wir buchen dir deinen Termin schon im vorraus.\",\"breadcrumb\":{\"@id\":\"https:\\\/\\\/rs-nails.de\\\/wilkommen-bei-rs-nails\\\/dein-termin\\\/#breadcrumb\"},\"inLanguage\":\"de\",\"potentialAction\":[{\"@type\":\"ReadAction\",\"target\":[\"https:\\\/\\\/rs-nails.de\\\/wilkommen-bei-rs-nails\\\/dein-termin\\\/\"]}]},{\"@type\":\"ImageObject\",\"inLanguage\":\"de\",\"@id\":\"https:\\\/\\\/rs-nails.de\\\/wilkommen-bei-rs-nails\\\/dein-termin\\\/#primaryimage\",\"url\":\"https:\\\/\\\/rs-nails.de\\\/wp-content\\\/uploads\\\/2025\\\/11\\\/22926645ee01f0d262c890171086b261-PhotoroomR.png\",\"contentUrl\":\"https:\\\/\\\/rs-nails.de\\\/wp-content\\\/uploads\\\/2025\\\/11\\\/22926645ee01f0d262c890171086b261-PhotoroomR.png\"},{\"@type\":\"BreadcrumbList\",\"@id\":\"https:\\\/\\\/rs-nails.de\\\/wilkommen-bei-rs-nails\\\/dein-termin\\\/#breadcrumb\",\"itemListElement\":[{\"@type\":\"ListItem\",\"position\":1,\"name\":\"Startseite\",\"item\":\"https:\\\/\\\/rs-nails.de\\\/wilkommen-bei-rs-nails\\\/\"},{\"@type\":\"ListItem\",\"position\":2,\"name\":\"Dein Termin\"}]},{\"@type\":\"WebSite\",\"@id\":\"https:\\\/\\\/rs-nails.de\\\/wilkommen-bei-rs-nails\\\/#website\",\"url\":\"https:\\\/\\\/rs-nails.de\\\/wilkommen-bei-rs-nails\\\/\",\"name\":\"RS Nails\",\"description\":\"Erleben Sie Sch\u00f6nheit und Eleganz\",\"publisher\":{\"@id\":\"https:\\\/\\\/rs-nails.de\\\/wilkommen-bei-rs-nails\\\/#organization\"},\"potentialAction\":[{\"@type\":\"SearchAction\",\"target\":{\"@type\":\"EntryPoint\",\"urlTemplate\":\"https:\\\/\\\/rs-nails.de\\\/wilkommen-bei-rs-nails\\\/?s={search_term_string}\"},\"query-input\":{\"@type\":\"PropertyValueSpecification\",\"valueRequired\":true,\"valueName\":\"search_term_string\"}}],\"inLanguage\":\"de\"},{\"@type\":\"Organization\",\"@id\":\"https:\\\/\\\/rs-nails.de\\\/wilkommen-bei-rs-nails\\\/#organization\",\"name\":\"RS Nails\",\"url\":\"https:\\\/\\\/rs-nails.de\\\/wilkommen-bei-rs-nails\\\/\",\"logo\":{\"@type\":\"ImageObject\",\"inLanguage\":\"de\",\"@id\":\"https:\\\/\\\/rs-nails.de\\\/wilkommen-bei-rs-nails\\\/#\\\/schema\\\/logo\\\/image\\\/\",\"url\":\"https:\\\/\\\/rs-nails.de\\\/wp-content\\\/uploads\\\/2025\\\/11\\\/cropped-WhatsApp-Bild-2025-11-10-um-09.18.52_79643ce8-Photoroom.png\",\"contentUrl\":\"https:\\\/\\\/rs-nails.de\\\/wp-content\\\/uploads\\\/2025\\\/11\\\/cropped-WhatsApp-Bild-2025-11-10-um-09.18.52_79643ce8-Photoroom.png\",\"width\":801,\"height\":696,\"caption\":\"RS Nails\"},\"image\":{\"@id\":\"https:\\\/\\\/rs-nails.de\\\/wilkommen-bei-rs-nails\\\/#\\\/schema\\\/logo\\\/image\\\/\"},\"sameAs\":[\"https:\\\/\\\/www.tiktok.com\\\/@rebecca_nageldesign\"]}]}<\/script>\n<!-- \/ Yoast SEO plugin. -->","yoast_head_json":{"title":"Dein Termin - RS Nails","description":"Dein Wunschtermin ist erst n\u00e4chsten Monat ? Kein Problem. Melde dich einfach bei mir und wir buchen dir deinen Termin schon im vorraus.","robots":{"index":"index","follow":"follow","max-snippet":"max-snippet:-1","max-image-preview":"max-image-preview:large","max-video-preview":"max-video-preview:-1"},"canonical":"https:\/\/rs-nails.de\/wilkommen-bei-rs-nails\/dein-termin\/","og_locale":"de_DE","og_type":"article","og_title":"Dein Termin - RS Nails","og_description":"Dein Wunschtermin ist erst n\u00e4chsten Monat ? Kein Problem. Melde dich einfach bei mir und wir buchen dir deinen Termin schon im vorraus.","og_url":"https:\/\/rs-nails.de\/wilkommen-bei-rs-nails\/dein-termin\/","og_site_name":"RS Nails","article_modified_time":"2026-04-01T08:59:50+00:00","og_image":[{"width":540,"height":960,"url":"https:\/\/rs-nails.de\/wp-content\/uploads\/2025\/11\/22926645ee01f0d262c890171086b261-PhotoroomR.png","type":"image\/png"}],"twitter_card":"summary_large_image","twitter_misc":{"Gesch\u00e4tzte Lesezeit":"1\u00a0Minute"},"schema":{"@context":"https:\/\/schema.org","@graph":[{"@type":"WebPage","@id":"https:\/\/rs-nails.de\/wilkommen-bei-rs-nails\/dein-termin\/","url":"https:\/\/rs-nails.de\/wilkommen-bei-rs-nails\/dein-termin\/","name":"Dein Termin - RS Nails","isPartOf":{"@id":"https:\/\/rs-nails.de\/wilkommen-bei-rs-nails\/#website"},"primaryImageOfPage":{"@id":"https:\/\/rs-nails.de\/wilkommen-bei-rs-nails\/dein-termin\/#primaryimage"},"image":{"@id":"https:\/\/rs-nails.de\/wilkommen-bei-rs-nails\/dein-termin\/#primaryimage"},"thumbnailUrl":"https:\/\/rs-nails.de\/wp-content\/uploads\/2025\/11\/22926645ee01f0d262c890171086b261-PhotoroomR.png","datePublished":"2026-02-13T20:25:23+00:00","dateModified":"2026-04-01T08:59:50+00:00","description":"Dein Wunschtermin ist erst n\u00e4chsten Monat ? Kein Problem. Melde dich einfach bei mir und wir buchen dir deinen Termin schon im vorraus.","breadcrumb":{"@id":"https:\/\/rs-nails.de\/wilkommen-bei-rs-nails\/dein-termin\/#breadcrumb"},"inLanguage":"de","potentialAction":[{"@type":"ReadAction","target":["https:\/\/rs-nails.de\/wilkommen-bei-rs-nails\/dein-termin\/"]}]},{"@type":"ImageObject","inLanguage":"de","@id":"https:\/\/rs-nails.de\/wilkommen-bei-rs-nails\/dein-termin\/#primaryimage","url":"https:\/\/rs-nails.de\/wp-content\/uploads\/2025\/11\/22926645ee01f0d262c890171086b261-PhotoroomR.png","contentUrl":"https:\/\/rs-nails.de\/wp-content\/uploads\/2025\/11\/22926645ee01f0d262c890171086b261-PhotoroomR.png"},{"@type":"BreadcrumbList","@id":"https:\/\/rs-nails.de\/wilkommen-bei-rs-nails\/dein-termin\/#breadcrumb","itemListElement":[{"@type":"ListItem","position":1,"name":"Startseite","item":"https:\/\/rs-nails.de\/wilkommen-bei-rs-nails\/"},{"@type":"ListItem","position":2,"name":"Dein Termin"}]},{"@type":"WebSite","@id":"https:\/\/rs-nails.de\/wilkommen-bei-rs-nails\/#website","url":"https:\/\/rs-nails.de\/wilkommen-bei-rs-nails\/","name":"RS Nails","description":"Erleben Sie Sch\u00f6nheit und Eleganz","publisher":{"@id":"https:\/\/rs-nails.de\/wilkommen-bei-rs-nails\/#organization"},"potentialAction":[{"@type":"SearchAction","target":{"@type":"EntryPoint","urlTemplate":"https:\/\/rs-nails.de\/wilkommen-bei-rs-nails\/?s={search_term_string}"},"query-input":{"@type":"PropertyValueSpecification","valueRequired":true,"valueName":"search_term_string"}}],"inLanguage":"de"},{"@type":"Organization","@id":"https:\/\/rs-nails.de\/wilkommen-bei-rs-nails\/#organization","name":"RS Nails","url":"https:\/\/rs-nails.de\/wilkommen-bei-rs-nails\/","logo":{"@type":"ImageObject","inLanguage":"de","@id":"https:\/\/rs-nails.de\/wilkommen-bei-rs-nails\/#\/schema\/logo\/image\/","url":"https:\/\/rs-nails.de\/wp-content\/uploads\/2025\/11\/cropped-WhatsApp-Bild-2025-11-10-um-09.18.52_79643ce8-Photoroom.png","contentUrl":"https:\/\/rs-nails.de\/wp-content\/uploads\/2025\/11\/cropped-WhatsApp-Bild-2025-11-10-um-09.18.52_79643ce8-Photoroom.png","width":801,"height":696,"caption":"RS Nails"},"image":{"@id":"https:\/\/rs-nails.de\/wilkommen-bei-rs-nails\/#\/schema\/logo\/image\/"},"sameAs":["https:\/\/www.tiktok.com\/@rebecca_nageldesign"]}]}},"_links":{"self":[{"href":"https:\/\/rs-nails.de\/wilkommen-bei-rs-nails\/wp-json\/wp\/v2\/pages\/279","targetHints":{"allow":["GET"]}}],"collection":[{"href":"https:\/\/rs-nails.de\/wilkommen-bei-rs-nails\/wp-json\/wp\/v2\/pages"}],"about":[{"href":"https:\/\/rs-nails.de\/wilkommen-bei-rs-nails\/wp-json\/wp\/v2\/types\/page"}],"author":[{"embeddable":true,"href":"https:\/\/rs-nails.de\/wilkommen-bei-rs-nails\/wp-json\/wp\/v2\/users\/1"}],"replies":[{"embeddable":true,"href":"https:\/\/rs-nails.de\/wilkommen-bei-rs-nails\/wp-json\/wp\/v2\/comments?post=279"}],"version-history":[{"count":36,"href":"https:\/\/rs-nails.de\/wilkommen-bei-rs-nails\/wp-json\/wp\/v2\/pages\/279\/revisions"}],"predecessor-version":[{"id":340,"href":"https:\/\/rs-nails.de\/wilkommen-bei-rs-nails\/wp-json\/wp\/v2\/pages\/279\/revisions\/340"}],"wp:attachment":[{"href":"https:\/\/rs-nails.de\/wilkommen-bei-rs-nails\/wp-json\/wp\/v2\/media?parent=279"}],"curies":[{"name":"wp","href":"https:\/\/api.w.org\/{rel}","templated":true}]}}